{"id":143,"date":"2016-12-20T10:34:06","date_gmt":"2016-12-20T09:34:06","guid":{"rendered":"http:\/\/genevieveruiz.com\/en\/?page_id=143"},"modified":"2025-12-12T09:58:08","modified_gmt":"2025-12-12T08:58:08","slug":"contact-us","status":"publish","type":"page","link":"https:\/\/genevieveruiz.com\/en\/contact-us\/","title":{"rendered":"Contact us"},"content":{"rendered":"<p style=\"text-align: center;\">Genevi\u00e8ve Ruiz S\u00e0rl<br \/>\nJournalisme et Services \u00e9ditoriaux<br \/>\nLa Mine<br \/>\nRue de la Navigation 5<br \/>\n1201 Gen\u00e8ve<br \/>\n0041 22\u00a0732 44 44<br \/>\n0041 79\u00a0778 44 72<br \/>\n<a href=\"mailto:contact@genevieveruiz.com\">contact@genevieveruiz.com<br \/>\n<\/a><a href=\"http:\/\/www.genevieveruiz.com\">www.genevieveruiz.com<\/a><\/p>\n<p><strong>Homepage credits<\/strong><\/p>\n<ul>\n<li>Montain\u00a0: Arolla. By Guillaume Bavi\u00e8re<\/li>\n<li>Map\u00a0of the World on Mercators projection circa 1860. RTimages\/Shutterstock<\/li>\n<li>Kids\u00a0in Pichucalco, Chiapas, Mexico, December 21, 2014. By Chad Zuber\/Shutterstock<\/li>\n<li>Favela in Rio de Janeiro, Brazil. By Skreidzeleu\/Shutterstock<\/li>\n<\/ul>\n<p>\u00a9 2025 Genevi\u00e8ve Ruiz. All rights reserved.<\/p>\n","protected":false},"excerpt":{"rendered":"<p>Genevi\u00e8ve Ruiz S\u00e0rl Journalisme et Services \u00e9ditoriaux La Mine Rue de la Navigation 5 1201 Gen\u00e8ve 0041 22\u00a0732 44 44 0041 79\u00a0778 44 72 contact@genevieveruiz.com www.genevieveruiz.com Homepage credits Montain\u00a0: Arolla. By Guillaume Bavi\u00e8re Map\u00a0of the World on Mercators projection circa 1860. RTimages\/Shutterstock Kids\u00a0in Pichucalco, Chiapas, Mexico, December 21, 2014. By Chad Zuber\/Shutterstock Favela in Rio [&hellip;]<\/p>\n","protected":false},"author":1,"featured_media":0,"parent":0,"menu_order":0,"comment_status":"closed","ping_status":"closed","template":"","meta":[],"acf":[],"_links":{"self":[{"href":"https:\/\/genevieveruiz.com\/en\/wp-json\/wp\/v2\/pages\/143"}],"collection":[{"href":"https:\/\/genevieveruiz.com\/en\/wp-json\/wp\/v2\/pages"}],"about":[{"href":"https:\/\/genevieveruiz.com\/en\/wp-json\/wp\/v2\/types\/page"}],"author":[{"embeddable":true,"href":"https:\/\/genevieveruiz.com\/en\/wp-json\/wp\/v2\/users\/1"}],"replies":[{"embeddable":true,"href":"https:\/\/genevieveruiz.com\/en\/wp-json\/wp\/v2\/comments?post=143"}],"version-history":[{"count":12,"href":"https:\/\/genevieveruiz.com\/en\/wp-json\/wp\/v2\/pages\/143\/revisions"}],"predecessor-version":[{"id":898,"href":"https:\/\/genevieveruiz.com\/en\/wp-json\/wp\/v2\/pages\/143\/revisions\/898"}],"wp:attachment":[{"href":"https:\/\/genevieveruiz.com\/en\/wp-json\/wp\/v2\/media?parent=143"}],"curies":[{"name":"wp","href":"https:\/\/api.w.org\/{rel}","templated":true}]}}