{"id":141,"date":"2016-12-20T10:32:31","date_gmt":"2016-12-20T09:32:31","guid":{"rendered":"http:\/\/genevieveruiz.com\/en\/?page_id=141"},"modified":"2025-12-12T09:57:55","modified_gmt":"2025-12-12T08:57:55","slug":"clients","status":"publish","type":"page","link":"https:\/\/genevieveruiz.com\/en\/clients\/","title":{"rendered":"Clients"},"content":{"rendered":"<p>Bureau lausannois pour les immigr\u00e9s \u2013 BLI\u00a0<a href=\"https:\/\/www.lausanne.ch\/\">www.lausanne.ch<\/a><\/p>\n<p>Club Alpin Suisse <a href=\"http:\/\/www.sac-cas.ch\" target=\"_blank\" rel=\"noopener noreferrer\">www.sac-cas.ch<\/a><\/p>\n<p>Commune de Plan-les-Ouates <a href=\"https:\/\/www.plan-les-ouates.ch\/\">www.plan-les-ouates.ch<\/a><\/p>\n<p>CRK &#8211; Kommunikation, Kreation und Kino <a href=\"https:\/\/cr-k.ch\/de\/\" target=\"_blank\" rel=\"noopener noreferrer\">www.cr-k.ch<\/a><\/p>\n<p>D\u00e9partement f\u00e9d\u00e9ral des affaires \u00e9trang\u00e8res DFAE <a href=\"http:\/\/www.dfae.admin.ch\">www.dfae.admin.ch<\/a><\/p>\n<p>Editions M\u00e9decine &amp; Hygi\u00e8ne <a href=\"http:\/\/www.medhyg.ch\">www.medhyg.ch<\/a><\/p>\n<p>Fondation Groupe d\u2019accueil et d\u2019action psychiatrique <a href=\"http:\/\/www.graap.ch\" target=\"_blank\" rel=\"noopener noreferrer\">www.graap.ch<\/a><\/p>\n<p>Fondation Suisse du Service Social International <a href=\"http:\/\/www.ssiss.ch\" target=\"_blank\" rel=\"noopener noreferrer\">www.ssiss.ch<\/a><\/p>\n<p>Fonds national suisse de la recherche scientifique <a href=\"http:\/\/www.snf.ch\" target=\"_blank\" rel=\"noopener noreferrer\">www.snf.ch<\/a><\/p>\n<p>Geneva Center for Philanthropy\u00a0<a href=\"http:\/\/www.unige.ch\/\">www.unige.ch<\/a><\/p>\n<p>Haute \u00e9cole p\u00e9dagogique Vaud\u00a0<a href=\"http:\/\/www.hepl.ch\/\">www.hepl.ch<\/a><\/p>\n<p>Haute Ecole Sp\u00e9cialis\u00e9e de Suisse occidentale <a href=\"http:\/\/www.hes-so.ch\" target=\"_blank\" rel=\"noopener noreferrer\">www.hes-so.ch<\/a><\/p>\n<p>Institut et Haute \u00c9cole de la Sant\u00e9 La Source <a href=\"https:\/\/www.ecolelasource.ch\/\" data-type=\"URL\" data-id=\"https:\/\/www.ecolelasource.ch\/\">www.ecolelasource.ch<\/a><\/p>\n<p>REISO &#8211; Revue d&#8217;information sociale\u00a0<a href=\"http:\/\/www.reiso.org\">www.reiso.org<\/a><\/p>\n<p>Swissquote \u00a0<a href=\"http:\/\/www.swissquote.ch\" target=\"_blank\" rel=\"noopener noreferrer\">www.swissquote.ch<\/a><\/p>\n<p>The Content Club <a href=\"https:\/\/www.thecontentclub.ch\/\">www.thecontentclub.ch<\/a><\/p>\n<p>\u00a9 2025 Genevi\u00e8ve Ruiz. All rights reserved.<\/p>\n","protected":false},"excerpt":{"rendered":"<p>Bureau lausannois pour les immigr\u00e9s \u2013 BLI\u00a0www.lausanne.ch Club Alpin Suisse www.sac-cas.ch Commune de Plan-les-Ouates www.plan-les-ouates.ch CRK &#8211; Kommunikation, Kreation und Kino www.cr-k.ch D\u00e9partement f\u00e9d\u00e9ral des affaires \u00e9trang\u00e8res DFAE www.dfae.admin.ch Editions M\u00e9decine &amp; Hygi\u00e8ne www.medhyg.ch Fondation Groupe d\u2019accueil et d\u2019action psychiatrique www.graap.ch Fondation Suisse du Service Social International www.ssiss.ch Fonds national suisse de la recherche scientifique [&hellip;]<\/p>\n","protected":false},"author":1,"featured_media":0,"parent":0,"menu_order":0,"comment_status":"closed","ping_status":"closed","template":"","meta":[],"acf":[],"_links":{"self":[{"href":"https:\/\/genevieveruiz.com\/en\/wp-json\/wp\/v2\/pages\/141"}],"collection":[{"href":"https:\/\/genevieveruiz.com\/en\/wp-json\/wp\/v2\/pages"}],"about":[{"href":"https:\/\/genevieveruiz.com\/en\/wp-json\/wp\/v2\/types\/page"}],"author":[{"embeddable":true,"href":"https:\/\/genevieveruiz.com\/en\/wp-json\/wp\/v2\/users\/1"}],"replies":[{"embeddable":true,"href":"https:\/\/genevieveruiz.com\/en\/wp-json\/wp\/v2\/comments?post=141"}],"version-history":[{"count":16,"href":"https:\/\/genevieveruiz.com\/en\/wp-json\/wp\/v2\/pages\/141\/revisions"}],"predecessor-version":[{"id":897,"href":"https:\/\/genevieveruiz.com\/en\/wp-json\/wp\/v2\/pages\/141\/revisions\/897"}],"wp:attachment":[{"href":"https:\/\/genevieveruiz.com\/en\/wp-json\/wp\/v2\/media?parent=141"}],"curies":[{"name":"wp","href":"https:\/\/api.w.org\/{rel}","templated":true}]}}